{"id":1680,"date":"2023-07-05T05:07:21","date_gmt":"2023-07-05T05:07:21","guid":{"rendered":"http:\/\/www.rockeye.africa\/beta\/?page_id=1680"},"modified":"2023-08-03T11:47:58","modified_gmt":"2023-08-03T11:47:58","slug":"conditions-generales-dutilisation","status":"publish","type":"page","link":"https:\/\/www.rockeye.africa\/fr\/conditions-generales-dutilisation.html","title":{"rendered":"Conditions g\u00e9n\u00e9rales d&rsquo;utilisation"},"content":{"rendered":"<h3>Nom commercial<\/h3>\n<p>RockEye, le logo RockEye, les noms des diff\u00e9rents services et leurs logos sont des marques commerciales de RockEye ERP. Vous n&rsquo;\u00eates pas autoris\u00e9 \u00e0 afficher ou \u00e0 utiliser les marques commerciales de RockEye sans l&rsquo;autorisation \u00e9crite pr\u00e9alable de RockEye. Cela constituerait une contrefa\u00e7on.<\/p>\n<h3>Utilisation<\/h3>\n<p>Vous \u00eates l\u00e9galement responsable de toutes les informations, donn\u00e9es, textes, logiciels, musiques, sons, photographies, graphiques, vid\u00e9os, messages ou autres mat\u00e9riels (\u00a0\u00bb Contenu \u00ab\u00a0) t\u00e9l\u00e9charg\u00e9s, affich\u00e9s ou stock\u00e9s dans le cadre de votre utilisation des services. Vous accordez \u00e0 RockEye une licence mondiale, libre de redevances et non exclusive pour h\u00e9berger et utiliser le contenu afin de vous fournir les services. Vous vous engagez \u00e0 ne pas utiliser les services \u00e0 des fins ill\u00e9gales ou en violation de toute loi ou r\u00e9glementation applicable. Vous \u00eates encourag\u00e9 \u00e0 archiver votre contenu r\u00e9guli\u00e8rement et fr\u00e9quemment. Lorsque vous utilisez les services, vous \u00eates responsable de tout contenu qui pourrait \u00eatre perdu ou irr\u00e9cup\u00e9rable. Vous devez fournir tous les avertissements, informations et divulgations n\u00e9cessaires et appropri\u00e9s. Vous vous engagez \u00e0 ne pas utiliser les services pour partager, stocker ou distribuer de quelque mani\u00e8re que ce soit des donn\u00e9es financi\u00e8res non conformes \u00e0 la loi.<\/p>\n<p>Les utilisateurs soup\u00e7onn\u00e9s de d\u00e9tenir des informations relatives \u00e0 la fraude, au d\u00e9tournement de fonds, au blanchiment d&rsquo;argent, au d\u00e9lit d&rsquo;initi\u00e9, au soutien au terrorisme ou \u00e0 toute autre activit\u00e9 proscrite par la loi peuvent voir leur compte r\u00e9sili\u00e9, leurs donn\u00e9es financi\u00e8res effac\u00e9es et \u00eatre signal\u00e9s aux autorit\u00e9s charg\u00e9es de l&rsquo;application de la loi dans les juridictions appropri\u00e9es.<\/p>\n<p>Vous acceptez de ne pas stocker, t\u00e9l\u00e9charger, transmettre de virus, de cheval de Troie, de ver ou d&rsquo;autres logiciels ou donn\u00e9es perturbateurs ou nuisibles, ainsi que toute information, tout logiciel ou tout contenu qui ne vous appartient pas l\u00e9galement et qui peut \u00eatre prot\u00e9g\u00e9 par des droits d&rsquo;auteur ou d&rsquo;autres droits de propri\u00e9t\u00e9, ou des travaux d\u00e9riv\u00e9s, sans l&rsquo;autorisation du d\u00e9tenteur des droits d&rsquo;auteur ou des droits de propri\u00e9t\u00e9 intellectuelle.<\/p>\n<h3>Parties du pr\u00e9sent accord<\/h3>\n<p>Le pr\u00e9sent accord se compose des conditions g\u00e9n\u00e9rales suivantes (ci-apr\u00e8s d\u00e9nomm\u00e9es \u00ab\u00a0conditions g\u00e9n\u00e9rales\u00a0\u00bb) et, le cas \u00e9ch\u00e9ant, des conditions sp\u00e9cifiques \u00e0 l&rsquo;utilisation de services particuliers (ci-apr\u00e8s d\u00e9nomm\u00e9es \u00ab\u00a0conditions sp\u00e9cifiques aux services\u00a0\u00bb). Les conditions g\u00e9n\u00e9rales et les conditions sp\u00e9cifiques aux services sont d\u00e9sign\u00e9es collectivement sous le nom de \u00ab\u00a0conditions\u00a0\u00bb. En cas de conflit entre les conditions g\u00e9n\u00e9rales et les conditions sp\u00e9cifiques \u00e0 un service, les conditions sp\u00e9cifiques \u00e0 un service pr\u00e9valent.<\/p>\n<h3>Services<\/h3>\n<p>RockEye ERP a pour mission de fournir des solutions compl\u00e8tes de planification des ressources de l&rsquo;entreprise avec de multiples modules pour divers secteurs d&rsquo;activit\u00e9.<\/p>\n<h3>Exclusion de garantie<\/h3>\n<p>Tous les utilisateurs de RockEye ERP doivent accepter que l&rsquo;utilisation du produit se fait \u00e0 leurs risques et p\u00e9rils. RockEye d\u00e9cline explicitement toute garantie de quelque nature que ce soit, expresse ou implicite, notamment les garanties implicites de qualit\u00e9 marchande et d&rsquo;ad\u00e9quation \u00e0 un usage particulier. Les services et toute la documentation qui les accompagne sont fournis \u00a0\u00bb en l&rsquo;\u00e9tat \u00a0\u00bb et \u00a0\u00bb selon disponibilit\u00e9 \u00ab\u00a0, sans aucune garantie, qu&rsquo;elle soit expresse, implicite ou l\u00e9gale, y compris, mais sans s&rsquo;y limiter, toute garantie implicite de titre, de qualit\u00e9 marchande, d&rsquo;ad\u00e9quation \u00e0 un usage particulier et d&rsquo;absence de contrefa\u00e7on.<\/p>\n<p>RockEye ne garantit pas que les services seront ininterrompus, opportuns, s\u00fbrs ou exempts d&rsquo;erreurs. Par exemple, tout mat\u00e9riel t\u00e9l\u00e9charg\u00e9 ou obtenu par le biais de l&rsquo;utilisation du produit\/des services rel\u00e8ve de votre propre jugement et risque et vous serez seul responsable de tout dommage caus\u00e9 \u00e0 votre syst\u00e8me informatique, votre t\u00e9l\u00e9phone portable, votre appareil sans fil ou vos donn\u00e9es r\u00e9sultant de l&rsquo;utilisation des services ou du t\u00e9l\u00e9chargement d&rsquo;un tel mat\u00e9riel. RockEye ne donnera aucun conseil ni aucune information, qu&rsquo;ils soient \u00e9crits ou oraux, obtenus par vous, les employ\u00e9s ou les repr\u00e9sentants de RockEye ne cr\u00e9eront aucune garantie qui ne soit pas explicitement mentionn\u00e9e dans les conditions.<\/p>\n<p>RockEye, ses soci\u00e9t\u00e9s affili\u00e9es et ses fournisseurs d\u00e9clinent toute d\u00e9claration ou garantie selon laquelle votre utilisation des services satisfera ou garantira la conformit\u00e9 \u00e0 toute obligation l\u00e9gale, loi ou r\u00e9glementation. Il vous incombe exclusivement de veiller \u00e0 ce que votre utilisation des services soit conforme \u00e0 la l\u00e9gislation applicable. Nonobstant ce qui pr\u00e9c\u00e8de, aucune disposition du pr\u00e9sent contrat n&rsquo;exclut ou ne limite la responsabilit\u00e9 dans la mesure o\u00f9 une telle exclusion ou limitation est interdite par les lois applicables en Inde et, pour \u00e9viter toute ambigu\u00eft\u00e9, RockEye n&rsquo;exclut ni ne limite la responsabilit\u00e9 pour:<\/p>\n<ul>\n<li>d\u00e9c\u00e8s ou dommages corporels caus\u00e9s par sa n\u00e9gligence ou la n\u00e9gligence de ses dirigeants, employ\u00e9s, contractants ou agents<\/li>\n<li>Fraude ou d\u00e9claration frauduleuse<\/li>\n<li>toute autre responsabilit\u00e9 qui ne peut \u00eatre l\u00e9galement exclue par un accord contractuel entre les parties.<\/li>\n<\/ul>\n<h3>Limitation de la responsabilit\u00e9<\/h3>\n<p>En aucun cas, une entit\u00e9 renon\u00e7ante ne peut \u00eatre tenue responsable d&rsquo;un manque \u00e0 gagner, d&rsquo;une perte de donn\u00e9es ou de tout dommage indirect, punitif, accessoire, sp\u00e9cial, cons\u00e9cutif ou exemplaire d\u00e9coulant de, en rapport avec ou li\u00e9 \u00e0 la pr\u00e9sente convention ou aux services, y compris, mais sans s&rsquo;y limiter, l&rsquo;utilisation, l&rsquo;incapacit\u00e9 d&rsquo;utilisation ou l&rsquo;indisponibilit\u00e9 des produits et services RockEye.<\/p>\n<p>En aucun cas l&rsquo;une ou l&rsquo;autre des entit\u00e9s renonciatrices ne sera responsable des dommages, pertes ou blessures r\u00e9sultant d&rsquo;un piratage, d&rsquo;une falsification ou de tout autre acc\u00e8s ou utilisation non autoris\u00e9 du service ou de votre compte RockEye ou des informations qu&rsquo;il contient, ou de votre incapacit\u00e9 \u00e0 utiliser ou \u00e0 mettre en \u0153uvre des contr\u00f4les de s\u00e9curit\u00e9 appropri\u00e9s pour votre entreprise.<\/p>\n<ol>\n<li>Les entit\u00e9s de droit n&rsquo;assument aucune responsabilit\u00e9 en cas de<\/li>\n<li>les dommages corporels ou mat\u00e9riels, de quelque nature que ce soit, r\u00e9sultant de votre acc\u00e8s aux services RockEye ou de votre utilisation de ceux-ci.<\/li>\n<li>tout acc\u00e8s non autoris\u00e9 aux serveurs utilis\u00e9s dans le cadre des services RockEye et\/ou \u00e0 toutes les informations personnelles qui y sont stock\u00e9es, ou toute utilisation non autoris\u00e9e de ces serveurs.<\/li>\n<li>toute interruption ou cessation de transmission vers ou depuis les produits et services RockEye ; (d) tout bogue logiciel, virus, cheval de Troie ou autre code nuisible susceptible d&rsquo;\u00eatre transmis vers ou par le biais des services RockEye ; (e) tout virus, cheval de Troie ou autre code nuisible susceptible d&rsquo;\u00eatre transmis vers ou par le biais des services RockEye<\/li>\n<li>toute erreur, inexactitude ou omission dans un contenu ou une information, toute perte ou tout dommage r\u00e9sultant de l&rsquo;utilisation d&rsquo;un contenu ou d&rsquo;une information, dans tous les cas affich\u00e9s, envoy\u00e9s par courrier \u00e9lectronique, stock\u00e9s, transmis ou rendus disponibles de toute autre mani\u00e8re par l&rsquo;interm\u00e9diaire des services RockEye ; et\/ou<\/li>\n<li>le contenu de l&rsquo;utilisateur ou le comportement diffamatoire, offensant ou ill\u00e9gal d&rsquo;un tiers.<\/li>\n<li>Sans pr\u00e9judice de toute disposition contraire, la responsabilit\u00e9 cumul\u00e9e des entit\u00e9s renonciataires \u00e0 votre \u00e9gard est limit\u00e9e aux dommages directs et n&rsquo;exc\u00e8de en aucun cas les frais pay\u00e9s par vous \u00e0 RockEye pour l&rsquo;obtention d&rsquo;une licence. La pr\u00e9sente section sur la limitation de la responsabilit\u00e9 s&rsquo;applique quelle que soit la th\u00e9orie juridique sur laquelle repose la r\u00e9clamation, y compris, mais sans s&rsquo;y limiter, le contrat, le d\u00e9lit civil (y compris la n\u00e9gligence), la responsabilit\u00e9 stricte ou toute autre base.<\/li>\n<\/ol>\n<p>Ce qui pr\u00e9c\u00e8de s&rsquo;applique dans toute la mesure permise par la loi dans la juridiction applicable.<\/p>\n<p>Les services et produits RockEye sont contr\u00f4l\u00e9s et exploit\u00e9s \u00e0 partir d&rsquo;installations situ\u00e9es en Inde. Sauf indication contraire expresse, RockEye ne d\u00e9clare pas que les services de passerelle de paiement sont appropri\u00e9s ou disponibles pour une utilisation dans d&rsquo;autres lieux. Les personnes qui acc\u00e8dent aux produits et services RockEye ou les utilisent \u00e0 partir d&rsquo;autres juridictions le font de leur propre chef et sont enti\u00e8rement responsables du respect de toutes les lois et r\u00e9glementations indiennes, \u00e9trang\u00e8res et locales applicables, y compris, mais sans s&rsquo;y limiter, les r\u00e9glementations en mati\u00e8re d&rsquo;exportation et d&rsquo;importation. Vous ne pouvez pas utiliser les produits et services RockEye \u00e0 partir ou au nom de personnes ou d&rsquo;entit\u00e9s situ\u00e9es dans un pays frapp\u00e9 d&#8217;embargo par l&rsquo;Inde.<\/p>\n<p>a. a) Bloqu\u00e9 ou refus\u00e9 par le gouvernement indien. Sauf indication contraire, tous les \u00e9l\u00e9ments contenus dans les produits et services RockEye s&rsquo;adressent exclusivement \u00e0 des personnes, des entreprises ou d&rsquo;autres entit\u00e9s situ\u00e9es en Inde ou \u00e0 l&rsquo;\u00e9tranger.<\/p>\n<h3>Recht auf \u00c4nderung<\/h3>\n<p>Das Unternehmen beh\u00e4lt sich das Recht vor, die Bedingungen dieses Vertrags jederzeit zu \u00e4ndern oder zu erg\u00e4nzen sowie Funktionen oder Aspekte der RockEye-Produkte und -Dienste mit oder ohne Vorank\u00fcndigung zu \u00e4ndern, zu l\u00f6schen, einzustellen oder mit Bedingungen zu versehen, die wir nach unserem alleinigen Ermessen unter den gegebenen Umst\u00e4nden f\u00fcr angemessen erachten. Jede Nutzung der Payment Gateway Services oder der Software nach unserer Benachrichtigung \u00fcber derartige \u00c4nderungen gilt als Zustimmung zu diesem Vertrag in der ge\u00e4nderten Fassung.<\/p>\n<p>Alle hierin gew\u00e4hrten Rechte oder Lizenzen d\u00fcrfen von Ihnen nicht ohne unsere vorherige schriftliche Zustimmung \u00fcbertragen oder abgetreten werden, k\u00f6nnen aber von uns ohne Zustimmung oder sonstige Beschr\u00e4nkung abgetreten werden, wenn wir Sie dar\u00fcber informieren oder wenn im Wesentlichen alle Verm\u00f6genswerte von RockEye verkauft werden. Jeder Versuch Ihrerseits, diesen Vertrag oder die hierin gew\u00e4hrten Rechte oder Lizenzen ohne die ausdr\u00fcckliche schriftliche Zustimmung von RockEye abzutreten, ist null und nichtig.<\/p>\n<h3>Parteien<\/h3>\n<p>Diese Vereinbarung bindet Sie und Ihre jeweiligen Vertreter und erlaubten und genehmigten Nachfolger (einschlie\u00dflich solcher durch Fusion und \u00dcbernahme) oder erlaubte Abtretungen.<\/p>\n<h3>Entsch\u00e4digung Warenzeichen<\/h3>\n<p>Sie erkl\u00e4ren sich damit einverstanden, RockEye, seine leitenden Angestellten, Mitarbeiter, Lieferanten und Partner von jeglichen Verlusten, Sch\u00e4den, Bu\u00dfgeldern und Ausgaben freizustellen, die sich aus der Nutzung von Diensten ergeben, die Sie unter Verletzung von Rechten Dritter, unter Verletzung von Gesetzen oder unter Versto\u00df gegen die Bestimmungen dieser Vereinbarung in Anspruch genommen haben.<\/p>\n<h3>Aussetzung und Beendigung<\/h3>\n<p>Das Unternehmen hat das Recht, jedes Benutzerkonto zu sperren oder den Zugang zu einem Dienst ganz oder teilweise vor\u00fcbergehend zu deaktivieren, wenn der Verdacht auf illegale Aktivit\u00e4ten besteht, die Nutzungsbedingungen verletzt wurden, l\u00e4ngere Zeit nicht genutzt wurde oder wenn Strafverfolgungsbeh\u00f6rden oder andere staatliche Stellen dies verlangen.<\/p>\n<h3>Rechtsstreitigkeiten: Rechtswahl, Gerichtsbarkeit und Gerichtsstand<\/h3>\n<p>Sie erkl\u00e4ren sich damit einverstanden, dass alle Streitigkeiten, die sich aus dieser Vereinbarung oder den RockEye-Produkten und -Dienstleistungen ergeben oder damit in Zusammenhang stehen, durch Schlichtungs- und Schiedsgerichtsgesetze oder Prozessrecht, Regeln und Vorschriften (in der jeweils aktuellen und ge\u00e4nderten Fassung), die den indischen Gesetzen und der Verfassung unterliegen, gel\u00f6st werden. Der Gerichtsstand ist Ahmedabad, Gujarat, Indien.<\/p>\n<h3>Diese Vereinbarung unterliegt den indischen Gesetzen ohne R\u00fccksicht auf die Bestimmungen zur Rechtswahl.<\/h3>\n<p>Die \u00dcberschriften in dieser Vereinbarung dienen nur der \u00dcbersichtlichkeit und werden bei der Auslegung dieser Vereinbarung nicht ber\u00fccksichtigt. Sie schr\u00e4nkt keine Rechte ein, die wir gem\u00e4\u00df Gesch\u00e4ftsgeheimnis, Urheberrecht, Patent oder anderen Gesetzen haben. Eine Verz\u00f6gerung oder ein Vers\u00e4umnis unsererseits, ein Recht oder eine Bestimmung im Rahmen dieser Vereinbarung geltend zu machen, stellt keinen Verzicht auf ein solches Recht oder eine solche Bestimmung dar. Ein Verzicht auf eine Bedingung dieser Vereinbarung gilt nicht als weiterer oder dauerhafter Verzicht auf diese Bedingung oder eine andere Bedingung.<\/p>\n<h3>H\u00f6here Gewalt<\/h3>\n<p>Keine Partei haftet f\u00fcr Verz\u00f6gerungen bei der Bearbeitung oder sonstige Nichterf\u00fcllung, die durch Umst\u00e4nde wie Br\u00e4nde, Telekommunikationsausf\u00e4lle, Versorgungsausf\u00e4lle, Stromausf\u00e4lle, Ausr\u00fcstungsausf\u00e4lle, Arbeitskonflikte, Gewalt, Krieg, Terroranschl\u00e4ge, Nichterf\u00fcllung von Verpflichtungen oder andere Gr\u00fcnde verursacht werden.<\/p>\n<h3>Marketing \/ Newsletters<\/h3>\n<p>Durch Ihre Anmeldung\/Registrierung auf <a href=\"https:\/\/www.rockeye.africa\">www.rockeye.africa<\/a> erkl\u00e4ren Sie sich damit einverstanden, Newsletter, Marketingkommunikation und Werbenachrichten von RockEye ERP zu erhalten.<\/p>\n","protected":false},"excerpt":{"rendered":"<p>Nom commercial RockEye, le logo RockEye, les noms des diff\u00e9rents services et leurs logos sont des marques commerciales de RockEye ERP. Vous n&rsquo;\u00eates pas autoris\u00e9 \u00e0 afficher ou \u00e0 utiliser les marques commerciales de RockEye sans l&rsquo;autorisation \u00e9crite pr\u00e9alable de RockEye. Cela constituerait une contrefa\u00e7on. Utilisation Vous \u00eates l\u00e9galement responsable [&hellip;]<\/p>\n","protected":false},"author":1,"featured_media":0,"parent":0,"menu_order":0,"comment_status":"closed","ping_status":"closed","template":"page-terms.php","meta":{"inline_featured_image":false},"aioseo_notices":[],"_links":{"self":[{"href":"https:\/\/www.rockeye.africa\/fr\/wp-json\/wp\/v2\/pages\/1680"}],"collection":[{"href":"https:\/\/www.rockeye.africa\/fr\/wp-json\/wp\/v2\/pages"}],"about":[{"href":"https:\/\/www.rockeye.africa\/fr\/wp-json\/wp\/v2\/types\/page"}],"author":[{"embeddable":true,"href":"https:\/\/www.rockeye.africa\/fr\/wp-json\/wp\/v2\/users\/1"}],"replies":[{"embeddable":true,"href":"https:\/\/www.rockeye.africa\/fr\/wp-json\/wp\/v2\/comments?post=1680"}],"version-history":[{"count":4,"href":"https:\/\/www.rockeye.africa\/fr\/wp-json\/wp\/v2\/pages\/1680\/revisions"}],"predecessor-version":[{"id":1688,"href":"https:\/\/www.rockeye.africa\/fr\/wp-json\/wp\/v2\/pages\/1680\/revisions\/1688"}],"wp:attachment":[{"href":"https:\/\/www.rockeye.africa\/fr\/wp-json\/wp\/v2\/media?parent=1680"}],"curies":[{"name":"wp","href":"https:\/\/api.w.org\/{rel}","templated":true}]}}